{"id":12,"date":"2023-08-05T18:56:27","date_gmt":"2023-08-05T16:56:27","guid":{"rendered":"http:\/\/sikania.fr\/?page_id=12"},"modified":"2025-09-28T16:32:02","modified_gmt":"2025-09-28T14:32:02","slug":"espace-pro","status":"publish","type":"page","link":"https:\/\/sikania.fr\/index.php\/espace-pro\/","title":{"rendered":"Espace Pro"},"content":{"rendered":"\n<div data-wp-interactive=\"core\/file\" class=\"wp-block-file\"><object data-wp-bind--hidden=\"!state.hasPdfPreview\" hidden class=\"wp-block-file__embed\" data=\"https:\/\/sikania.fr\/wp-content\/uploads\/2023\/09\/FicheTechSikania.pdf\" type=\"application\/pdf\" style=\"width:100%;height:200px\" aria-label=\"Contenu embarqu\u00e9 FicheTechSikania.\"><\/object><a id=\"wp-block-file--media-41e05656-4aea-418b-b37e-ba6b98f9c021\" href=\"https:\/\/sikania.fr\/wp-content\/uploads\/2023\/09\/FicheTechSikania.pdf\">FicheTechSikania<\/a><a href=\"https:\/\/sikania.fr\/wp-content\/uploads\/2023\/09\/FicheTechSikania.pdf\" class=\"wp-block-file__button wp-element-button\" download aria-describedby=\"wp-block-file--media-41e05656-4aea-418b-b37e-ba6b98f9c021\">T\u00e9l\u00e9charger<\/a><\/div>\n\n\n\n<p><strong>Biographies :<\/strong><\/p>\n\n\n\n<div class=\"wp-block-media-text has-media-on-the-right is-stacked-on-mobile\"><div class=\"wp-block-media-text__content\">\n<p><strong>Agnese Migliore \u2013 chant, accord\u00e9on, percussions<\/strong><\/p>\n\n\n\n<p>Baign\u00e9e toute son enfance dans la culture sicilienne, Agnese entreprend, une fois arriv\u00e9e en France, de renouer avec ses racines musicales. Elle prend des cours de chant avec Michelle Zini, Magali Germain et Sandra Campas. Elle participe \u00e0 des ateliers de chant polyphonique \u00e0 Music Halle (Toulouse).<\/p>\n\n\n\n<p>Pour porter sa voix, elle apprend l\u2019accord\u00e9on \u00e0 l\u2019\u00e9cole Salamandre et continue sa formation avec Jean-Luc Amestoy. Elle s\u2019int\u00e9resse aux chants du monde : chant tzigane, forro et musiques d\u2019Am\u00e9rique du Sud. Elle est \u00e0 la gen\u00e8se de Sikania mais aussi chanteuse sur des projets de musique italienne produits par la revue Radici, production Editalie. Elle travaille avec la compagnie jeune public Amapola, en tant que com\u00e9dienne et musicienne et aussi avec la Compagnie de th\u00e9\u00e2tre de rue Les Monts Rieurs. Elle dirige une chorale de chants polyphonique de musique du monde, Nomade Vox.<\/p>\n<\/div><figure class=\"wp-block-media-text__media\"><img loading=\"lazy\" decoding=\"async\" width=\"705\" height=\"1024\" src=\"https:\/\/sikania.fr\/wp-content\/uploads\/2023\/09\/Photo-Bio-Agnese-705x1024.jpg\" alt=\"\" class=\"wp-image-119 size-full\" srcset=\"https:\/\/sikania.fr\/wp-content\/uploads\/2023\/09\/Photo-Bio-Agnese-705x1024.jpg 705w, https:\/\/sikania.fr\/wp-content\/uploads\/2023\/09\/Photo-Bio-Agnese-207x300.jpg 207w, https:\/\/sikania.fr\/wp-content\/uploads\/2023\/09\/Photo-Bio-Agnese-768x1115.jpg 768w, https:\/\/sikania.fr\/wp-content\/uploads\/2023\/09\/Photo-Bio-Agnese-1058x1536.jpg 1058w, https:\/\/sikania.fr\/wp-content\/uploads\/2023\/09\/Photo-Bio-Agnese-1411x2048.jpg 1411w, https:\/\/sikania.fr\/wp-content\/uploads\/2023\/09\/Photo-Bio-Agnese-scaled.jpg 1764w\" sizes=\"auto, (max-width: 705px) 100vw, 705px\" \/><\/figure><\/div>\n\n\n\n<div class=\"wp-block-media-text is-stacked-on-mobile\"><figure class=\"wp-block-media-text__media\"><img loading=\"lazy\" decoding=\"async\" width=\"986\" height=\"1024\" src=\"https:\/\/sikania.fr\/wp-content\/uploads\/2023\/09\/photo-bio-Aude-light-986x1024.jpg\" alt=\"\" class=\"wp-image-121 size-full\" srcset=\"https:\/\/sikania.fr\/wp-content\/uploads\/2023\/09\/photo-bio-Aude-light-986x1024.jpg 986w, https:\/\/sikania.fr\/wp-content\/uploads\/2023\/09\/photo-bio-Aude-light-289x300.jpg 289w, https:\/\/sikania.fr\/wp-content\/uploads\/2023\/09\/photo-bio-Aude-light-768x798.jpg 768w, https:\/\/sikania.fr\/wp-content\/uploads\/2023\/09\/photo-bio-Aude-light-1479x1536.jpg 1479w, https:\/\/sikania.fr\/wp-content\/uploads\/2023\/09\/photo-bio-Aude-light-1972x2048.jpg 1972w, https:\/\/sikania.fr\/wp-content\/uploads\/2023\/09\/photo-bio-Aude-light.jpg 2000w\" sizes=\"auto, (max-width: 986px) 100vw, 986px\" \/><\/figure><div class=\"wp-block-media-text__content\">\n<p><strong>Aude Bouttard \u2013 contrebasse, chant, percussions<\/strong><\/p>\n\n\n\n<p>\u00c9l\u00e8ve au CNR de Toulouse, elle \u00e9tudie la contrebasse avec Philippe Junker. Puis int\u00e8gre le cursus professionnel de Music&rsquo;Halle \u00e0 la contrebasse avec Julien Duthu et au chant avec Michelle Zini. Elle collabore avec Emilie Cadiou dans un tour de chant en duo : DIOD. Avec Sikania, un trio de musique du sud de l\u2019Italie, elle m\u00eale l\u2019empreinte traditionnelle et l\u2019improvisation jazz. Elle travaille \u00e9galement avec Marin et son spectacle Jeune Public \u2018PitPit\u00a0!\u2019. Elle int\u00e8gre les Trash Croutes avec la cr\u00e9ation d\u2019un spectacle pour ados\u00a0\u2018Libres\u00a0!\u2019 Elle est en cr\u00e9ation d&rsquo;un trio de compositions originales en fran\u00e7ais, Toni Truelle. Elle a r\u00e9cemment int\u00e9gr\u00e9 un octet de swing et standards de jazz des ann\u00e9es 20 \u00e0 60, Octopussy.<\/p>\n\n\n\n<p>Elle met en place des projets en milieu scolaire et oriente la pratique de son instrument vers la rencontre avec d\u2019autres disciplines (th\u00e9\u00e2tre, philosophie, lecture et conte, danse, art contemporain).<\/p>\n\n\n\n<p><\/p>\n<\/div><\/div>\n\n\n\n<div class=\"wp-block-media-text has-media-on-the-right is-stacked-on-mobile\"><div class=\"wp-block-media-text__content\">\n<p><strong>S\u00e9bastien Cirotteau \u2013 trompette, chant, percussions<\/strong><\/p>\n\n\n\n<p>Trompettiste de la tendance \u00abavec les tripes\u00bb. A fait ses armes aupr\u00e8s de vieux brigands de l\u2019improvisation libre radicale.<br>A mis de l\u2019eau trouble dans son vin &#8211; sans soufre &#8211; &nbsp;et s\u2019est r\u00e9concili\u00e9, entre autre, avec M\u00e9lodie, Harmonie et leurs amies. Entretient une relation extra conjugale avec une pichotte, et parfois un orgue. Joue dans les jardins publics, les cr\u00e8ches, les sc\u00e8nes de France et partout ailleurs, sans distinction. Envisage la musique comme un rituel de joie et de partage. Et pour plagier un clarinettiste qu\u00e9b\u00e9cois, il y a mille trompettistes qui jouent mieux que lui, mais aucun qui joue comme lui.<\/p>\n\n\n\n<p><\/p>\n<\/div><figure class=\"wp-block-media-text__media\"><img loading=\"lazy\" decoding=\"async\" width=\"689\" height=\"1024\" src=\"https:\/\/sikania.fr\/wp-content\/uploads\/2023\/09\/Photo-bio-Seb-689x1024.jpg\" alt=\"\" class=\"wp-image-122 size-full\" srcset=\"https:\/\/sikania.fr\/wp-content\/uploads\/2023\/09\/Photo-bio-Seb-689x1024.jpg 689w, https:\/\/sikania.fr\/wp-content\/uploads\/2023\/09\/Photo-bio-Seb-202x300.jpg 202w, https:\/\/sikania.fr\/wp-content\/uploads\/2023\/09\/Photo-bio-Seb-768x1142.jpg 768w, https:\/\/sikania.fr\/wp-content\/uploads\/2023\/09\/Photo-bio-Seb-1033x1536.jpg 1033w, https:\/\/sikania.fr\/wp-content\/uploads\/2023\/09\/Photo-bio-Seb-1378x2048.jpg 1378w, https:\/\/sikania.fr\/wp-content\/uploads\/2023\/09\/Photo-bio-Seb-scaled.jpg 1722w\" sizes=\"auto, (max-width: 689px) 100vw, 689px\" \/><\/figure><\/div>\n\n\n\n<p><strong>Articles de presse :<\/strong><\/p>\n\n\n\n<figure class=\"wp-block-gallery has-nested-images columns-default is-cropped wp-block-gallery-1 is-layout-flex wp-block-gallery-is-layout-flex\">\n<figure class=\"wp-block-image size-large\"><img loading=\"lazy\" decoding=\"async\" width=\"768\" height=\"1024\" data-id=\"126\" src=\"https:\/\/sikania.fr\/wp-content\/uploads\/2023\/09\/Sikania-revel-768x1024.jpg\" alt=\"\" class=\"wp-image-126\" srcset=\"https:\/\/sikania.fr\/wp-content\/uploads\/2023\/09\/Sikania-revel-768x1024.jpg 768w, https:\/\/sikania.fr\/wp-content\/uploads\/2023\/09\/Sikania-revel-225x300.jpg 225w, https:\/\/sikania.fr\/wp-content\/uploads\/2023\/09\/Sikania-revel-1152x1536.jpg 1152w, https:\/\/sikania.fr\/wp-content\/uploads\/2023\/09\/Sikania-revel-1536x2048.jpg 1536w, https:\/\/sikania.fr\/wp-content\/uploads\/2023\/09\/Sikania-revel-scaled.jpg 1920w\" sizes=\"auto, (max-width: 768px) 100vw, 768px\" \/><\/figure>\n\n\n\n<figure class=\"wp-block-image size-large\"><img loading=\"lazy\" decoding=\"async\" width=\"1024\" height=\"748\" data-id=\"125\" src=\"https:\/\/sikania.fr\/wp-content\/uploads\/2023\/09\/SIkania-meditheque-1024x748.jpeg\" alt=\"\" class=\"wp-image-125\" srcset=\"https:\/\/sikania.fr\/wp-content\/uploads\/2023\/09\/SIkania-meditheque-1024x748.jpeg 1024w, https:\/\/sikania.fr\/wp-content\/uploads\/2023\/09\/SIkania-meditheque-300x219.jpeg 300w, https:\/\/sikania.fr\/wp-content\/uploads\/2023\/09\/SIkania-meditheque-768x561.jpeg 768w, https:\/\/sikania.fr\/wp-content\/uploads\/2023\/09\/SIkania-meditheque-1536x1121.jpeg 1536w, https:\/\/sikania.fr\/wp-content\/uploads\/2023\/09\/SIkania-meditheque.jpeg 1600w\" sizes=\"auto, (max-width: 1024px) 100vw, 1024px\" \/><\/figure>\n\n\n\n<figure class=\"wp-block-image size-large\"><img loading=\"lazy\" decoding=\"async\" width=\"1024\" height=\"657\" data-id=\"124\" src=\"https:\/\/sikania.fr\/wp-content\/uploads\/2023\/09\/SIkania-au-Vernet-1024x657.jpeg\" alt=\"\" class=\"wp-image-124\" srcset=\"https:\/\/sikania.fr\/wp-content\/uploads\/2023\/09\/SIkania-au-Vernet-1024x657.jpeg 1024w, https:\/\/sikania.fr\/wp-content\/uploads\/2023\/09\/SIkania-au-Vernet-300x193.jpeg 300w, https:\/\/sikania.fr\/wp-content\/uploads\/2023\/09\/SIkania-au-Vernet-768x493.jpeg 768w, https:\/\/sikania.fr\/wp-content\/uploads\/2023\/09\/SIkania-au-Vernet.jpeg 1240w\" sizes=\"auto, (max-width: 1024px) 100vw, 1024px\" \/><\/figure>\n<\/figure>\n\n\n\n<p><a href=\"https:\/\/www.lamontagne.fr\/tarnac-19170\/loisirs\/une-soiree-italienne-plutot-atypique_11772168\/\">https:\/\/www.lamontagne.fr\/tarnac-19170\/loisirs\/une-soiree-italienne-plutot-atypique_11772168\/<\/a><\/p>\n\n\n\n<p><a href=\"https:\/\/www.ladepeche.fr\/article\/2018\/11\/12\/2904782-un-air-de-sicile-avec-le-trio-sikania.html\">https:\/\/www.ladepeche.fr\/article\/2018\/11\/12\/2904782-un-air-de-sicile-avec-le-trio-sikania.html<\/a><\/p>\n\n\n\n<p><a href=\"https:\/\/www.ladepeche.fr\/article\/2017\/11\/16\/2685434-le-sikania-trio-demain-en-concert.html\">https:\/\/www.ladepeche.fr\/article\/2017\/11\/16\/2685434-le-sikania-trio-demain-en-concert.html<\/a><\/p>\n\n\n\n<p><a href=\"https:\/\/www.ladepeche.fr\/article\/2018\/06\/09\/2814346-le-trio-sikania-en-concert-ce-samedi-a-la-mediatheque.html\">https:\/\/www.ladepeche.fr\/article\/2018\/06\/09\/2814346-le-trio-sikania-en-concert-ce-samedi-a-la-mediatheque.html<\/a><\/p>\n\n\n\n<p><a href=\"https:\/\/www.lindependant.fr\/2018\/11\/11\/un-air-de-sicile-avec-le-trio-sikania,4831544.php\">https:\/\/www.lindependant.fr\/2018\/11\/11\/un-air-de-sicile-avec-le-trio-sikania,4831544.php<\/a><\/p>\n\n\n\n<p><a href=\"https:\/\/www.ladepeche.fr\/article\/2018\/11\/30\/2916219-mediatheque-sikania-chante-la-sicile.html\">https:\/\/www.ladepeche.fr\/article\/2018\/11\/30\/2916219-mediatheque-sikania-chante-la-sicile.html<\/a><\/p>\n\n\n\n<p>Actions culturelles :<\/p>\n\n\n\n<div data-wp-interactive=\"core\/file\" class=\"wp-block-file\"><object data-wp-bind--hidden=\"!state.hasPdfPreview\" hidden class=\"wp-block-file__embed\" data=\"https:\/\/sikania.fr\/wp-content\/uploads\/2023\/09\/Plaquette-action-culturelle.pdf\" type=\"application\/pdf\" style=\"width:100%;height:450px\" aria-label=\"Contenu embarqu\u00e9 Plaquette-action-culturelle.\"><\/object><a id=\"wp-block-file--media-84c0919e-eab0-430e-96aa-1367d84c1b2e\" href=\"https:\/\/sikania.fr\/wp-content\/uploads\/2023\/09\/Plaquette-action-culturelle.pdf\">Plaquette-action-culturelle<\/a><a href=\"https:\/\/sikania.fr\/wp-content\/uploads\/2023\/09\/Plaquette-action-culturelle.pdf\" class=\"wp-block-file__button wp-element-button\" download aria-describedby=\"wp-block-file--media-84c0919e-eab0-430e-96aa-1367d84c1b2e\">T\u00e9l\u00e9charger<\/a><\/div>\n","protected":false},"excerpt":{"rendered":"<p>Biographies : Agnese Migliore \u2013 chant, accord\u00e9on, percussions Baign\u00e9e toute son enfance dans la culture sicilienne, Agnese entreprend, une fois arriv\u00e9e en France, de renouer avec ses racines musicales. Elle prend des cours de chant avec Michelle Zini, Magali Germain et Sandra Campas. Elle participe \u00e0 des ateliers de chant [&hellip;]<\/p>\n","protected":false},"author":1,"featured_media":0,"parent":0,"menu_order":0,"comment_status":"closed","ping_status":"closed","template":"","meta":{"footnotes":""},"class_list":["post-12","page","type-page","status-publish","hentry"],"_links":{"self":[{"href":"https:\/\/sikania.fr\/index.php\/wp-json\/wp\/v2\/pages\/12","targetHints":{"allow":["GET"]}}],"collection":[{"href":"https:\/\/sikania.fr\/index.php\/wp-json\/wp\/v2\/pages"}],"about":[{"href":"https:\/\/sikania.fr\/index.php\/wp-json\/wp\/v2\/types\/page"}],"author":[{"embeddable":true,"href":"https:\/\/sikania.fr\/index.php\/wp-json\/wp\/v2\/users\/1"}],"replies":[{"embeddable":true,"href":"https:\/\/sikania.fr\/index.php\/wp-json\/wp\/v2\/comments?post=12"}],"version-history":[{"count":6,"href":"https:\/\/sikania.fr\/index.php\/wp-json\/wp\/v2\/pages\/12\/revisions"}],"predecessor-version":[{"id":258,"href":"https:\/\/sikania.fr\/index.php\/wp-json\/wp\/v2\/pages\/12\/revisions\/258"}],"wp:attachment":[{"href":"https:\/\/sikania.fr\/index.php\/wp-json\/wp\/v2\/media?parent=12"}],"curies":[{"name":"wp","href":"https:\/\/api.w.org\/{rel}","templated":true}]}}